{"id":1163,"date":"2022-01-25T06:17:07","date_gmt":"2022-01-25T06:17:07","guid":{"rendered":"https:\/\/demosites.royal-elementor-addons.com\/photography-v1\/?page_id=7"},"modified":"2026-04-16T19:47:25","modified_gmt":"2026-04-16T19:47:25","slug":"home-photographer-v1","status":"publish","type":"page","link":"https:\/\/monportfolio.ilhan.baudelot.mmi-velizy.fr\/wp2\/","title":{"rendered":"Accueil"},"content":{"rendered":"\t\t<div data-elementor-type=\"wp-page\" data-elementor-id=\"1163\" class=\"elementor elementor-1163\">\n\t\t\t\t\t\t<section class=\"elementor-section elementor-top-section elementor-element elementor-element-b85e221 elementor-section-height-min-height elementor-section-boxed elementor-section-height-default elementor-section-items-middle wpr-particle-no wpr-jarallax-no wpr-parallax-no wpr-sticky-section-no wpr-equal-height-no\" data-id=\"b85e221\" data-element_type=\"section\" data-e-type=\"section\" data-settings=\"{&quot;background_background&quot;:&quot;classic&quot;,&quot;shape_divider_bottom&quot;:&quot;triangle-asymmetrical&quot;}\">\n\t\t\t\t\t\t\t<div class=\"elementor-background-overlay\"><\/div>\n\t\t\t\t\t\t<div class=\"elementor-shape elementor-shape-bottom\" aria-hidden=\"true\" data-negative=\"false\">\n\t\t\t<svg xmlns=\"http:\/\/www.w3.org\/2000\/svg\" viewBox=\"0 0 1000 100\" preserveAspectRatio=\"none\">\n\t<path class=\"elementor-shape-fill\" d=\"M738,99l262-93V0H0v5.6L738,99z\"\/>\n<\/svg>\t\t<\/div>\n\t\t\t\t\t<div class=\"elementor-container elementor-column-gap-default\">\n\t\t\t\t\t<div class=\"elementor-column elementor-col-100 elementor-top-column elementor-element elementor-element-5ace142\" data-id=\"5ace142\" data-element_type=\"column\" data-e-type=\"column\">\n\t\t\t<div class=\"elementor-widget-wrap elementor-element-populated\">\n\t\t\t\t\t\t<div class=\"elementor-element elementor-element-650506d elementor-widget elementor-widget-heading\" data-id=\"650506d\" data-element_type=\"widget\" data-e-type=\"widget\" data-widget_type=\"heading.default\">\n\t\t\t\t\t<h2 class=\"elementor-heading-title elementor-size-default\">Ilhan Baudelot<\/h2>\t\t\t\t<\/div>\n\t\t\t\t<div class=\"elementor-element elementor-element-56bb58d elementor-widget elementor-widget-heading\" data-id=\"56bb58d\" data-element_type=\"widget\" data-e-type=\"widget\" data-widget_type=\"heading.default\">\n\t\t\t\t\t<h2 class=\"elementor-heading-title elementor-size-default\">Ilhan Baudelot<\/h2>\t\t\t\t<\/div>\n\t\t\t\t<div class=\"elementor-element elementor-element-415c752 elementor-widget-divider--view-line elementor-widget elementor-widget-divider\" data-id=\"415c752\" data-element_type=\"widget\" data-e-type=\"widget\" data-widget_type=\"divider.default\">\n\t\t\t\t\t\t\t<div class=\"elementor-divider\">\n\t\t\t<span class=\"elementor-divider-separator\">\n\t\t\t\t\t\t<\/span>\n\t\t<\/div>\n\t\t\t\t\t\t<\/div>\n\t\t\t\t<div class=\"elementor-element elementor-element-376e281 elementor-widget elementor-widget-text-editor\" data-id=\"376e281\" data-element_type=\"widget\" data-e-type=\"widget\" data-widget_type=\"text-editor.default\">\n\t\t\t\t\t\t\t\t\t<p>\u00ab\u00a0L&rsquo;\u00eatre dit libre est celui qui peut r\u00e9aliser ses <strong>projets<\/strong>.\u00a0\u00bb<\/p><p>\u00a0 \u00a0 \u00a0 \u00a0 \u00a0 \u00a0 \u00a0 \u00a0 \u00a0 \u00a0 \u00a0 \u00a0 \u00a0 \u00a0 \u00a0 \u00a0 \u00a0 \u00a0 \u00a0 \u00a0 \u00a0 \u00a0 \u00a0 \u00a0 \u00a0 \u00a0 \u00a0 \u00a0 \u00a0 \u00a0 \u00a0 \u00a0 \u00a0 \u00a0 \u00a0 \u00a0 \u00a0 \u00a0 \u00a0 \u00a0Jean-Paul Sartre<\/p>\t\t\t\t\t\t\t\t<\/div>\n\t\t\t\t<div class=\"elementor-element elementor-element-9ec405e wpr-button-icon-style-inline wpr-button-icon-position-right elementor-widget elementor-widget-wpr-button\" data-id=\"9ec405e\" data-element_type=\"widget\" data-e-type=\"widget\" data-widget_type=\"wpr-button.default\">\n\t\t\t\t\t\t\n\t\t\t\n\t\t\n\t\t<div class=\"wpr-button-wrap elementor-clearfix\">\n\t\t<a class=\"wpr-button wpr-button-effect wpr-button-none\" data-text=\"\" href=\"https:\/\/monportfolio.ilhan.baudelot.mmi-velizy.fr\/wp2\/about\/\" id=\"\u00c0 propose de moi\">\n\t\t\t\n\t\t\t<span class=\"wpr-button-content\">\n\t\t\t\t\t\t\t\t\t<span class=\"wpr-button-text\">\u00c0 propos de moi<\/span>\n\t\t\t\t\t\t\t\t\n\t\t\t\t\t\t\t<\/span>\n\t\t<\/a>\n\n\t\t\t\t<\/div>\n\t\n\t\n\t\t\t\t\t<\/div>\n\t\t\t\t<div class=\"elementor-element elementor-element-afac78f wpr-button-icon-style-inline wpr-button-icon-position-right elementor-widget elementor-widget-wpr-button\" data-id=\"afac78f\" data-element_type=\"widget\" data-e-type=\"widget\" data-widget_type=\"wpr-button.default\">\n\t\t\t\t\t\t\n\t\t\t\n\t\t\n\t\t<div class=\"wpr-button-wrap elementor-clearfix\">\n\t\t<a class=\"wpr-button wpr-button-effect wpr-button-none\" data-text=\"\" href=\"https:\/\/monportfolio.ilhan.baudelot.mmi-velizy.fr\/wp2\/portfolio\/\" id=\"\u00c0 propose de moi\">\n\t\t\t\n\t\t\t<span class=\"wpr-button-content\">\n\t\t\t\t\t\t\t\t\t<span class=\"wpr-button-text\">Mon porfolio<\/span>\n\t\t\t\t\t\t\t\t\n\t\t\t\t\t\t\t<\/span>\n\t\t<\/a>\n\n\t\t\t\t<\/div>\n\t\n\t\n\t\t\t\t\t<\/div>\n\t\t\t\t\t<\/div>\n\t\t<\/div>\n\t\t\t\t\t<\/div>\n\t\t<\/section>\n\t\t\t\t<section class=\"elementor-section elementor-top-section elementor-element elementor-element-e830569 elementor-section-boxed elementor-section-height-default elementor-section-height-default wpr-particle-no wpr-jarallax-no wpr-parallax-no wpr-sticky-section-no wpr-equal-height-no\" data-id=\"e830569\" data-element_type=\"section\" data-e-type=\"section\">\n\t\t\t\t\t\t<div class=\"elementor-container elementor-column-gap-default\">\n\t\t\t\t\t<div class=\"elementor-column elementor-col-100 elementor-top-column elementor-element elementor-element-bd696f0\" data-id=\"bd696f0\" data-element_type=\"column\" data-e-type=\"column\">\n\t\t\t<div class=\"elementor-widget-wrap elementor-element-populated\">\n\t\t\t\t\t\t<div class=\"elementor-element elementor-element-c030063 elementor-widget elementor-widget-heading\" data-id=\"c030063\" data-element_type=\"widget\" data-e-type=\"widget\" data-widget_type=\"heading.default\">\n\t\t\t\t\t<h2 class=\"elementor-heading-title elementor-size-default\">Quelques moments cl\u00e9s<\/h2>\t\t\t\t<\/div>\n\t\t\t\t<div class=\"elementor-element elementor-element-53b65cf elementor-widget elementor-widget-text-editor\" data-id=\"53b65cf\" data-element_type=\"widget\" data-e-type=\"widget\" data-widget_type=\"text-editor.default\">\n\t\t\t\t\t\t\t\t\t<p>Vous retrouverez ici bas quelques moments-cl\u00e9s qui ont \u00e9t\u00e9 importants lors de mon \u00e9ducation.\u00a0<\/p>\t\t\t\t\t\t\t\t<\/div>\n\t\t\t\t<div class=\"elementor-element elementor-element-a611b71 wpr-list-style-none elementor-widget elementor-widget-wpr-posts-timeline\" data-id=\"a611b71\" data-element_type=\"widget\" data-e-type=\"widget\" data-settings=\"{&quot;animation_offset&quot;:150,&quot;aos_animation_duration&quot;:600}\" data-widget_type=\"wpr-posts-timeline.default\">\n\t\t\t\t\t\n\t\t<div class=\"wpr-wrapper wpr-vertical wpr-centered\">\n\t\t\t<div class=\"wpr-timeline-centered wpr-line wpr-both-sided-timeline\"><div class=\"wpr-middle-line\"><\/div><span class=\"wpr-year-wrap\"><span class=\"wpr-year-label wpr-year\">2022<\/span><\/span><article class=\"wpr-timeline-entry wpr-left-aligned elementor-repeater-item-815ef58\" data-item-id=\"elementor-repeater-item-815ef58\"><time class=\"wpr-extra-label\" data-aos=\"fade\" data-aos-left=\"\" data-aos-right=\"\" data-animation-offset=\"150\" data-animation-duration=\"600\"><span class=\"wpr-label\">D\u00e9c 2022<\/span><span class=\"wpr-sub-label\">Stage \u00e0 l'ONERA<\/span><\/time><div class=\"wpr-timeline-entry-inner\"><div class=\"wpr-main-line-icon wpr-icon\"><svg aria-hidden=\"true\" class=\"e-font-icon-svg e-fas-book\" viewBox=\"0 0 448 512\" xmlns=\"http:\/\/www.w3.org\/2000\/svg\"><path d=\"M448 360V24c0-13.3-10.7-24-24-24H96C43 0 0 43 0 96v320c0 53 43 96 96 96h328c13.3 0 24-10.7 24-24v-16c0-7.5-3.5-14.3-8.9-18.7-4.2-15.4-4.2-59.3 0-74.7 5.4-4.3 8.9-11.1 8.9-18.6zM128 134c0-3.3 2.7-6 6-6h212c3.3 0 6 2.7 6 6v20c0 3.3-2.7 6-6 6H134c-3.3 0-6-2.7-6-6v-20zm0 64c0-3.3 2.7-6 6-6h212c3.3 0 6 2.7 6 6v20c0 3.3-2.7 6-6 6H134c-3.3 0-6-2.7-6-6v-20zm253.4 250H96c-17.7 0-32-14.3-32-32 0-17.6 14.4-32 32-32h285.4c-1.9 17.1-1.9 46.9 0 64z\"><\/path><\/svg><\/div><div class=\"wpr-story-info-vertical wpr-data-wrap \"  data-aos=\"fade\" data-aos-left=\"\" data-aos-right=\"\" data-animation-offset=\"150\" data-animation-duration=\"600\"><div class=\"wpr-animation-wrap wpr-timeline-media\"><img decoding=\"async\" width=\"265\" height=\"60\" src=\"https:\/\/monportfolio.ilhan.baudelot.mmi-velizy.fr\/wp2\/wp-content\/uploads\/2026\/04\/Logo_ONERA.png\" class=\"attachment-full size-full\" alt=\"\" \/><\/div><div class=\"wpr-timeline-content-wrapper\"><div class=\"wpr-content-wrapper\"><div class=\"wpr-title-wrap\"><span class=\"wpr-title\">Coll\u00e8ge<\/span><\/div><div class=\"wpr-description\"><p>Lors de ma derni\u00e8re ann\u00e9e de coll\u00e8ge, j\u2019ai r\u00e9alis\u00e9 deux semaines de stage \u00e0 l\u2019ONERA (l\u2019Office National d\u2019\u00c9tudes et de Recherches A\u00e9rospatiales), o\u00f9 j\u2019ai pu d\u00e9couvrir divers m\u00e9tiers tels que la Direction des Achats, le d\u00e9partement \u00c9lectromagn\u00e9tisme et Radar, o\u00f9 sont \u00e9tudi\u00e9es, gr\u00e2ce \u00e0 des PC ultra-performants et des radars, les ondes, que ce soit pour le secteur militaire ou pour le secteur de l\u2019aviation civile, ainsi que le d\u00e9partement Traitement de l\u2019Information et Syst\u00e8mes, qui m\u00e8ne des \u00e9tudes et des recherches afin de ma\u00eetriser la conception, les op\u00e9rations et l\u2019autonomie des syst\u00e8mes a\u00e9rospatiaux.<\/p><\/div><\/div><\/div><\/div>\n\t\t\t\t\t\t<\/div>\n\t\t\t\t<\/article><article class=\"wpr-timeline-entry wpr-right-aligned elementor-repeater-item-53e0326\" data-item-id=\"elementor-repeater-item-53e0326\"><time class=\"wpr-extra-label\" data-aos=\"fade\" data-aos-left=\"\" data-aos-right=\"\" data-animation-offset=\"150\" data-animation-duration=\"600\"><span class=\"wpr-label\">2024<\/span><span class=\"wpr-sub-label\">Choix des sp\u00e9cialit\u00e9s<\/span><\/time><div class=\"wpr-timeline-entry-inner\"><div class=\"wpr-main-line-icon wpr-icon\"><svg aria-hidden=\"true\" class=\"e-font-icon-svg e-fas-palette\" viewBox=\"0 0 512 512\" xmlns=\"http:\/\/www.w3.org\/2000\/svg\"><path d=\"M204.3 5C104.9 24.4 24.8 104.3 5.2 203.4c-37 187 131.7 326.4 258.8 306.7 41.2-6.4 61.4-54.6 42.5-91.7-23.1-45.4 9.9-98.4 60.9-98.4h79.7c35.8 0 64.8-29.6 64.9-65.3C511.5 97.1 368.1-26.9 204.3 5zM96 320c-17.7 0-32-14.3-32-32s14.3-32 32-32 32 14.3 32 32-14.3 32-32 32zm32-128c-17.7 0-32-14.3-32-32s14.3-32 32-32 32 14.3 32 32-14.3 32-32 32zm128-64c-17.7 0-32-14.3-32-32s14.3-32 32-32 32 14.3 32 32-14.3 32-32 32zm128 64c-17.7 0-32-14.3-32-32s14.3-32 32-32 32 14.3 32 32-14.3 32-32 32z\"><\/path><\/svg><\/div><div class=\"wpr-story-info-vertical wpr-data-wrap \"  data-aos=\"fade\" data-aos-left=\"\" data-aos-right=\"\" data-animation-offset=\"150\" data-animation-duration=\"600\"><div class=\"wpr-timeline-content-wrapper\"><div class=\"wpr-content-wrapper\"><div class=\"wpr-title-wrap\"><span class=\"wpr-title\">Lyc\u00e9e<\/span><\/div><div class=\"wpr-description\"><div class=\"row block-row clr-1\"><div class=\"col-lg-8 points clr-1 aos-init aos-animate\" data-aos=\"fade-up\" data-aos-anchor=\".points\"><div class=\"point-list d-flex align-items-start aos-init aos-animate\" data-aos=\"fade-up\"><div class=\"d-flex flex-column point-text\"><div class=\"point-desc\"><p>En classe de premi\u00e8re, nous avions la possibilit\u00e9 de choisir trois sp\u00e9cialit\u00e9s parmi un large \u00e9ventail. J\u2019ai ainsi opt\u00e9 pour l\u2019anglais, la physique-chimie et les math\u00e9matiques, m\u2019orientant davantage vers une carri\u00e8re scientifique. Le d\u00e9veloppement de mes comp\u00e9tences en anglais m\u2019a permis non seulement de mieux comprendre, mais aussi de m\u2019exprimer plus efficacement afin de communiquer \u00e0 l\u2019international. Par ailleurs, les math\u00e9matiques me permettent, dans une moindre mesure, de mieux appr\u00e9hender le d\u00e9veloppement web.<\/p><\/div><\/div><\/div><\/div><\/div><\/div><\/div><\/div><\/div>\n\t\t\t\t\t\t<\/div>\n\t\t\t\t<\/article><span class=\"wpr-year-wrap\"><span class=\"wpr-year-label wpr-year\">2025<\/span><\/span><article class=\"wpr-timeline-entry wpr-left-aligned elementor-repeater-item-cd7cf03\" data-item-id=\"elementor-repeater-item-cd7cf03\"><time class=\"wpr-extra-label\" data-aos=\"fade\" data-aos-left=\"\" data-aos-right=\"\" data-animation-offset=\"150\" data-animation-duration=\"600\"><span class=\"wpr-label\">2025-2028<\/span><span class=\"wpr-sub-label\">\u00c9tude en BUT MMI <\/span><\/time><div class=\"wpr-timeline-entry-inner\"><div class=\"wpr-main-line-icon wpr-icon\"><svg aria-hidden=\"true\" class=\"e-font-icon-svg e-fas-university\" viewBox=\"0 0 512 512\" xmlns=\"http:\/\/www.w3.org\/2000\/svg\"><path d=\"M496 128v16a8 8 0 0 1-8 8h-24v12c0 6.627-5.373 12-12 12H60c-6.627 0-12-5.373-12-12v-12H24a8 8 0 0 1-8-8v-16a8 8 0 0 1 4.941-7.392l232-88a7.996 7.996 0 0 1 6.118 0l232 88A8 8 0 0 1 496 128zm-24 304H40c-13.255 0-24 10.745-24 24v16a8 8 0 0 0 8 8h464a8 8 0 0 0 8-8v-16c0-13.255-10.745-24-24-24zM96 192v192H60c-6.627 0-12 5.373-12 12v20h416v-20c0-6.627-5.373-12-12-12h-36V192h-64v192h-64V192h-64v192h-64V192H96z\"><\/path><\/svg><\/div><div class=\"wpr-story-info-vertical wpr-data-wrap \"  data-aos=\"fade\" data-aos-left=\"\" data-aos-right=\"\" data-animation-offset=\"150\" data-animation-duration=\"600\"><div class=\"wpr-timeline-content-wrapper\"><div class=\"wpr-content-wrapper\"><div class=\"wpr-title-wrap\"><span class=\"wpr-title\">IUT de V\u00e9lizy-Villacoublay<\/span><\/div><div class=\"wpr-description\"><div class=\"point-list d-flex align-items-start aos-init aos-animate\" data-aos=\"fade-up\"><div class=\"d-flex flex-column point-text\"><div class=\"point-desc\"><p data-start=\"118\" data-end=\"480\">Actuellement en BUT M\u00e9tiers du Multim\u00e9dia et de l'Internet, je me forme aux diff\u00e9rents domaines du num\u00e9rique, allant du d\u00e9veloppement web \u00e0 la cr\u00e9ation visuelle en passant par la communication digitale. Cette formation me permet d\u2019acqu\u00e9rir une vision globale de la conception de projets multim\u00e9dias, de l\u2019id\u00e9e initiale jusqu\u2019\u00e0 sa r\u00e9alisation.<\/p><p data-start=\"482\" data-end=\"790\">Au fil de mon parcours, j\u2019ai d\u00e9velopp\u00e9 des comp\u00e9tences techniques en programmation web, mais aussi des comp\u00e9tences cr\u00e9atives en design et en production de contenus. Le travail en mode projet, souvent en \u00e9quipe, m\u2019a permis de renforcer mon organisation, mon autonomie et ma capacit\u00e9 \u00e0 collaborer efficacement.<\/p><p data-start=\"792\" data-end=\"1138\">Cette formation me permet \u00e9galement d\u2019\u00e9voluer dans un environnement dynamique et en constante \u00e9volution, en lien avec les enjeux actuels du num\u00e9rique.<\/p><\/div><\/div><\/div><\/div><\/div><\/div><\/div>\n\t\t\t\t\t\t<\/div>\n\t\t\t\t<\/article><\/div>    \n\t\t\t<\/div>\t\t\t\t<\/div>\n\t\t\t\t\t<\/div>\n\t\t<\/div>\n\t\t\t\t\t<\/div>\n\t\t<\/section>\n\t\t\t\t<\/div>\n\t\t","protected":false},"excerpt":{"rendered":"<p>Ilhan Baudelot Ilhan Baudelot \u00ab\u00a0L&rsquo;\u00eatre dit libre est celui qui peut r\u00e9aliser ses projets.\u00a0\u00bb \u00a0 \u00a0 \u00a0 \u00a0 \u00a0 \u00a0 \u00a0 \u00a0 \u00a0 \u00a0 \u00a0 \u00a0 \u00a0 \u00a0 \u00a0 \u00a0 \u00a0 \u00a0 \u00a0 \u00a0 \u00a0 \u00a0 \u00a0 \u00a0 \u00a0 \u00a0 \u00a0 \u00a0 \u00a0 \u00a0 \u00a0 \u00a0 \u00a0 \u00a0 \u00a0 \u00a0 \u00a0 \u00a0 \u00a0 \u00a0Jean-Paul Sartre \u00c0 propos de moi Mon porfolio Quelques moments cl\u00e9s Vous retrouverez ici bas quelques moments-cl\u00e9s qui ont \u00e9t\u00e9 importants lors de mon \u00e9ducation.\u00a0 2022 D\u00e9c 2022Stage \u00e0 l&rsquo;ONERAColl\u00e8ge Lors de ma derni\u00e8re ann\u00e9e de coll\u00e8ge, j\u2019ai r\u00e9alis\u00e9 deux semaines de stage \u00e0 l\u2019ONERA (l\u2019Office National d\u2019\u00c9tudes et de Recherches A\u00e9rospatiales), o\u00f9 j\u2019ai pu d\u00e9couvrir divers m\u00e9tiers tels que la Direction des Achats, le d\u00e9partement \u00c9lectromagn\u00e9tisme et Radar, o\u00f9 sont \u00e9tudi\u00e9es, gr\u00e2ce \u00e0 des PC ultra-performants et des radars, les ondes, que ce soit pour le secteur militaire ou pour le secteur de l\u2019aviation civile, ainsi que le d\u00e9partement Traitement de l\u2019Information et Syst\u00e8mes, qui m\u00e8ne des \u00e9tudes et des recherches afin de ma\u00eetriser la conception, les op\u00e9rations et l\u2019autonomie des syst\u00e8mes a\u00e9rospatiaux. 2024Choix des sp\u00e9cialit\u00e9sLyc\u00e9e En classe de premi\u00e8re, nous avions la possibilit\u00e9 de choisir trois sp\u00e9cialit\u00e9s parmi un large \u00e9ventail. J\u2019ai ainsi opt\u00e9 pour l\u2019anglais, la physique-chimie et les math\u00e9matiques, m\u2019orientant davantage vers une carri\u00e8re scientifique. Le d\u00e9veloppement de mes comp\u00e9tences en anglais m\u2019a permis non seulement de mieux comprendre, mais aussi de m\u2019exprimer plus efficacement afin de communiquer \u00e0 l\u2019international. Par ailleurs, les math\u00e9matiques me permettent, dans une moindre mesure, de mieux appr\u00e9hender le d\u00e9veloppement web. 2025 2025-2028\u00c9tude en BUT MMI IUT de V\u00e9lizy-Villacoublay Actuellement en BUT M\u00e9tiers du Multim\u00e9dia et de l&rsquo;Internet, je me forme aux diff\u00e9rents domaines du num\u00e9rique, allant du d\u00e9veloppement web \u00e0 la cr\u00e9ation visuelle en passant par la communication digitale. Cette formation me permet d\u2019acqu\u00e9rir une vision globale de la conception de projets multim\u00e9dias, de l\u2019id\u00e9e initiale jusqu\u2019\u00e0 sa r\u00e9alisation. Au fil de mon parcours, j\u2019ai d\u00e9velopp\u00e9 des comp\u00e9tences techniques en programmation web, mais aussi des comp\u00e9tences cr\u00e9atives en design et en production de contenus. Le travail en mode projet, souvent en \u00e9quipe, m\u2019a permis de renforcer mon organisation, mon autonomie et ma capacit\u00e9 \u00e0 collaborer efficacement. Cette formation me permet \u00e9galement d\u2019\u00e9voluer dans un environnement dynamique et en constante \u00e9volution, en lien avec les enjeux actuels du num\u00e9rique.<\/p>\n","protected":false},"author":1,"featured_media":0,"parent":0,"menu_order":0,"comment_status":"closed","ping_status":"closed","template":"elementor_canvas","meta":{"footnotes":""},"class_list":["post-1163","page","type-page","status-publish","hentry"],"_links":{"self":[{"href":"https:\/\/monportfolio.ilhan.baudelot.mmi-velizy.fr\/wp2\/wp-json\/wp\/v2\/pages\/1163","targetHints":{"allow":["GET"]}}],"collection":[{"href":"https:\/\/monportfolio.ilhan.baudelot.mmi-velizy.fr\/wp2\/wp-json\/wp\/v2\/pages"}],"about":[{"href":"https:\/\/monportfolio.ilhan.baudelot.mmi-velizy.fr\/wp2\/wp-json\/wp\/v2\/types\/page"}],"author":[{"embeddable":true,"href":"https:\/\/monportfolio.ilhan.baudelot.mmi-velizy.fr\/wp2\/wp-json\/wp\/v2\/users\/1"}],"replies":[{"embeddable":true,"href":"https:\/\/monportfolio.ilhan.baudelot.mmi-velizy.fr\/wp2\/wp-json\/wp\/v2\/comments?post=1163"}],"version-history":[{"count":55,"href":"https:\/\/monportfolio.ilhan.baudelot.mmi-velizy.fr\/wp2\/wp-json\/wp\/v2\/pages\/1163\/revisions"}],"predecessor-version":[{"id":1549,"href":"https:\/\/monportfolio.ilhan.baudelot.mmi-velizy.fr\/wp2\/wp-json\/wp\/v2\/pages\/1163\/revisions\/1549"}],"wp:attachment":[{"href":"https:\/\/monportfolio.ilhan.baudelot.mmi-velizy.fr\/wp2\/wp-json\/wp\/v2\/media?parent=1163"}],"curies":[{"name":"wp","href":"https:\/\/api.w.org\/{rel}","templated":true}]}}